{"id":387,"date":"2026-02-18T14:10:38","date_gmt":"2026-02-18T13:10:38","guid":{"rendered":"https:\/\/voyagesenphotos.fr\/?page_id=387"},"modified":"2026-02-21T21:19:45","modified_gmt":"2026-02-21T20:19:45","slug":"slovenie","status":"publish","type":"page","link":"https:\/\/voyagesenphotos.fr\/index.php\/slovenie\/","title":{"rendered":"Slov\u00e9nie"},"content":{"rendered":"\t\t<div data-elementor-type=\"wp-page\" data-elementor-id=\"387\" class=\"elementor elementor-387\">\n\t\t\t\t<div class=\"elementor-element elementor-element-603abc4b e-flex e-con-boxed e-con e-parent\" data-id=\"603abc4b\" data-element_type=\"container\" data-e-type=\"container\">\n\t\t\t\t\t<div class=\"e-con-inner\">\n\t\t\t\t<div class=\"elementor-element elementor-element-cf9acc8 elementor-widget elementor-widget-heading\" data-id=\"cf9acc8\" data-element_type=\"widget\" data-e-type=\"widget\" data-widget_type=\"heading.default\">\n\t\t\t\t\t<h2 class=\"elementor-heading-title elementor-size-default\"><h2 style=\"font-weight: 600;, sans-serif\"><span style=\"font-size: 3.6rem\"><\/span><\/h2><\/h2>\t\t\t\t<\/div>\n\t\t\t\t<div class=\"elementor-element elementor-element-51b36aa elementor-widget elementor-widget-text-editor\" data-id=\"51b36aa\" data-element_type=\"widget\" data-e-type=\"widget\" data-widget_type=\"text-editor.default\">\n\t\t\t\t\t\t\t\t\t<figure class=\"wp-block-pullquote\">\n<h6 data-start=\"0\" data-end=\"365\">La <strong><span class=\"hover:entity-accent entity-underline inline cursor-pointer align-baseline\"><span class=\"whitespace-normal\">Slov\u00e9nie<\/span><\/span><\/strong> est un petit pays d\u2019Europe centrale r\u00e9put\u00e9 pour la beaut\u00e9 exceptionnelle de ses paysages. Entre les sommets des Alpes juliennes, les lacs aux eaux turquoise comme le c\u00e9l\u00e8bre <span class=\"hover:entity-accent entity-underline inline cursor-pointer align-baseline\"><span class=\"whitespace-normal\">Lac de Bled<\/span><\/span>, et les grottes spectaculaires telles que <span class=\"hover:entity-accent entity-underline inline cursor-pointer align-baseline\"><span class=\"whitespace-normal\">Grottes de Postojna<\/span><\/span>, la nature y est omnipr\u00e9sente.<\/h6>\n<h6 data-start=\"367\" data-end=\"658\">Sa capitale, <strong><span class=\"hover:entity-accent entity-underline inline cursor-pointer align-baseline\"><span class=\"whitespace-normal\">Ljubljana<\/span><\/span><\/strong>, s\u00e9duit par son charme, son ambiance verte et son architecture \u00e9l\u00e9gante. La Slov\u00e9nie est aussi connue pour son engagement \u00e9cologique, sa culture riche et son art de vivre paisible, qui en font une destination authentique et accueillante.<\/h6>\n<blockquote>\n<h2>\u00a0<\/h2>\n<\/blockquote>\n<\/figure>\n<figure class=\"wp-block-pullquote\">\n<blockquote>\n<p><img fetchpriority=\"high\" decoding=\"async\" class=\"alignnone wp-image-224 size-medium\" src=\"http:\/\/voyagesenphotos.fr\/wp-content\/uploads\/2022\/12\/WhatsApp-Image-2022-12-03-at-08.54.26-2-225x300.jpeg\" alt=\"\" width=\"225\" height=\"300\" srcset=\"https:\/\/voyagesenphotos.fr\/wp-content\/uploads\/2022\/12\/WhatsApp-Image-2022-12-03-at-08.54.26-2-225x300.jpeg 225w, https:\/\/voyagesenphotos.fr\/wp-content\/uploads\/2022\/12\/WhatsApp-Image-2022-12-03-at-08.54.26-2-768x1024.jpeg 768w, https:\/\/voyagesenphotos.fr\/wp-content\/uploads\/2022\/12\/WhatsApp-Image-2022-12-03-at-08.54.26-2-1152x1536.jpeg 1152w, https:\/\/voyagesenphotos.fr\/wp-content\/uploads\/2022\/12\/WhatsApp-Image-2022-12-03-at-08.54.26-2.jpeg 1500w\" sizes=\"(max-width: 225px) 100vw, 225px\" \/> <img decoding=\"async\" class=\"alignnone size-medium wp-image-225\" src=\"http:\/\/voyagesenphotos.fr\/wp-content\/uploads\/2022\/12\/WhatsApp-Image-2022-12-03-at-08.54.08-225x300.jpeg\" alt=\"\" width=\"225\" height=\"300\" srcset=\"https:\/\/voyagesenphotos.fr\/wp-content\/uploads\/2022\/12\/WhatsApp-Image-2022-12-03-at-08.54.08-225x300.jpeg 225w, https:\/\/voyagesenphotos.fr\/wp-content\/uploads\/2022\/12\/WhatsApp-Image-2022-12-03-at-08.54.08-768x1024.jpeg 768w, https:\/\/voyagesenphotos.fr\/wp-content\/uploads\/2022\/12\/WhatsApp-Image-2022-12-03-at-08.54.08-1152x1536.jpeg 1152w, https:\/\/voyagesenphotos.fr\/wp-content\/uploads\/2022\/12\/WhatsApp-Image-2022-12-03-at-08.54.08.jpeg 1500w\" sizes=\"(max-width: 225px) 100vw, 225px\" \/> <img decoding=\"async\" class=\"alignnone size-medium wp-image-223\" src=\"http:\/\/voyagesenphotos.fr\/wp-content\/uploads\/2022\/12\/WhatsApp-Image-2022-12-03-at-08.54.26-3-225x300.jpeg\" alt=\"\" width=\"225\" height=\"300\" srcset=\"https:\/\/voyagesenphotos.fr\/wp-content\/uploads\/2022\/12\/WhatsApp-Image-2022-12-03-at-08.54.26-3-225x300.jpeg 225w, https:\/\/voyagesenphotos.fr\/wp-content\/uploads\/2022\/12\/WhatsApp-Image-2022-12-03-at-08.54.26-3-768x1024.jpeg 768w, https:\/\/voyagesenphotos.fr\/wp-content\/uploads\/2022\/12\/WhatsApp-Image-2022-12-03-at-08.54.26-3-1152x1536.jpeg 1152w, https:\/\/voyagesenphotos.fr\/wp-content\/uploads\/2022\/12\/WhatsApp-Image-2022-12-03-at-08.54.26-3.jpeg 1500w\" sizes=\"(max-width: 225px) 100vw, 225px\" \/> <img loading=\"lazy\" decoding=\"async\" class=\"alignnone size-medium wp-image-222\" src=\"http:\/\/voyagesenphotos.fr\/wp-content\/uploads\/2022\/12\/WhatsApp-Image-2022-12-03-at-08.54.26-225x300.jpeg\" alt=\"\" width=\"225\" height=\"300\" srcset=\"https:\/\/voyagesenphotos.fr\/wp-content\/uploads\/2022\/12\/WhatsApp-Image-2022-12-03-at-08.54.26-225x300.jpeg 225w, https:\/\/voyagesenphotos.fr\/wp-content\/uploads\/2022\/12\/WhatsApp-Image-2022-12-03-at-08.54.26-768x1024.jpeg 768w, https:\/\/voyagesenphotos.fr\/wp-content\/uploads\/2022\/12\/WhatsApp-Image-2022-12-03-at-08.54.26-1152x1536.jpeg 1152w, https:\/\/voyagesenphotos.fr\/wp-content\/uploads\/2022\/12\/WhatsApp-Image-2022-12-03-at-08.54.26.jpeg 1500w\" sizes=\"(max-width: 225px) 100vw, 225px\" \/><\/p>\n<\/blockquote>\n<\/figure>\n<p><!-- \/wp:columns --><\/p>\t\t\t\t\t\t\t\t<\/div>\n\t\t\t\t<div class=\"elementor-element elementor-element-7f8e84d elementor-widget elementor-widget-spacer\" data-id=\"7f8e84d\" data-element_type=\"widget\" data-e-type=\"widget\" data-widget_type=\"spacer.default\">\n\t\t\t\t\t\t\t<div class=\"elementor-spacer\">\n\t\t\t<div class=\"elementor-spacer-inner\"><\/div>\n\t\t<\/div>\n\t\t\t\t\t\t<\/div>\n\t\t\t\t\t<\/div>\n\t\t\t\t<\/div>\n\t\t\t\t<\/div>\n\t\t","protected":false},"excerpt":{"rendered":"<p>La Slov\u00e9nie est un petit pays d\u2019Europe centrale r\u00e9put\u00e9 pour la beaut\u00e9 exceptionnelle de ses paysages. Entre les sommets des Alpes juliennes, les lacs aux eaux turquoise comme le c\u00e9l\u00e8bre&hellip;<\/p>\n","protected":false},"author":1,"featured_media":0,"parent":0,"menu_order":0,"comment_status":"closed","ping_status":"closed","template":"","meta":{"footnotes":""},"class_list":["post-387","page","type-page","status-publish","hentry"],"yoast_head":"<!-- This site is optimized with the Yoast SEO plugin v27.0 - https:\/\/yoast.com\/product\/yoast-seo-wordpress\/ -->\n<title>Slov\u00e9nie - Voyages en photos<\/title>\n<meta name=\"robots\" content=\"index, follow, max-snippet:-1, max-image-preview:large, max-video-preview:-1\" \/>\n<link rel=\"canonical\" href=\"https:\/\/voyagesenphotos.fr\/index.php\/slovenie\/\" \/>\n<meta property=\"og:locale\" content=\"fr_FR\" \/>\n<meta property=\"og:type\" content=\"article\" \/>\n<meta property=\"og:title\" content=\"Slov\u00e9nie - Voyages en photos\" \/>\n<meta property=\"og:description\" content=\"La Slov\u00e9nie est un petit pays d\u2019Europe centrale r\u00e9put\u00e9 pour la beaut\u00e9 exceptionnelle de ses paysages. Entre les sommets des Alpes juliennes, les lacs aux eaux turquoise comme le c\u00e9l\u00e8bre&hellip;\" \/>\n<meta property=\"og:url\" content=\"https:\/\/voyagesenphotos.fr\/index.php\/slovenie\/\" \/>\n<meta property=\"og:site_name\" content=\"Voyages en photos\" \/>\n<meta property=\"article:modified_time\" content=\"2026-02-21T20:19:45+00:00\" \/>\n<meta property=\"og:image\" content=\"https:\/\/voyagesenphotos.fr\/wp-content\/uploads\/2022\/12\/WhatsApp-Image-2022-12-03-at-08.54.26-2.jpeg\" \/>\n\t<meta property=\"og:image:width\" content=\"1500\" \/>\n\t<meta property=\"og:image:height\" content=\"2000\" \/>\n\t<meta property=\"og:image:type\" content=\"image\/jpeg\" \/>\n<meta name=\"twitter:card\" content=\"summary_large_image\" \/>\n<meta name=\"twitter:label1\" content=\"Dur\u00e9e de lecture estim\u00e9e\" \/>\n\t<meta name=\"twitter:data1\" content=\"1 minute\" \/>\n<script type=\"application\/ld+json\" class=\"yoast-schema-graph\">{\"@context\":\"https:\/\/schema.org\",\"@graph\":[{\"@type\":\"WebPage\",\"@id\":\"https:\/\/voyagesenphotos.fr\/index.php\/slovenie\/\",\"url\":\"https:\/\/voyagesenphotos.fr\/index.php\/slovenie\/\",\"name\":\"Slov\u00e9nie - Voyages en photos\",\"isPartOf\":{\"@id\":\"https:\/\/voyagesenphotos.fr\/#website\"},\"primaryImageOfPage\":{\"@id\":\"https:\/\/voyagesenphotos.fr\/index.php\/slovenie\/#primaryimage\"},\"image\":{\"@id\":\"https:\/\/voyagesenphotos.fr\/index.php\/slovenie\/#primaryimage\"},\"thumbnailUrl\":\"http:\/\/voyagesenphotos.fr\/wp-content\/uploads\/2022\/12\/WhatsApp-Image-2022-12-03-at-08.54.26-2-225x300.jpeg\",\"datePublished\":\"2026-02-18T13:10:38+00:00\",\"dateModified\":\"2026-02-21T20:19:45+00:00\",\"breadcrumb\":{\"@id\":\"https:\/\/voyagesenphotos.fr\/index.php\/slovenie\/#breadcrumb\"},\"inLanguage\":\"fr-FR\",\"potentialAction\":[{\"@type\":\"ReadAction\",\"target\":[\"https:\/\/voyagesenphotos.fr\/index.php\/slovenie\/\"]}]},{\"@type\":\"ImageObject\",\"inLanguage\":\"fr-FR\",\"@id\":\"https:\/\/voyagesenphotos.fr\/index.php\/slovenie\/#primaryimage\",\"url\":\"https:\/\/voyagesenphotos.fr\/wp-content\/uploads\/2022\/12\/WhatsApp-Image-2022-12-03-at-08.54.26-2.jpeg\",\"contentUrl\":\"https:\/\/voyagesenphotos.fr\/wp-content\/uploads\/2022\/12\/WhatsApp-Image-2022-12-03-at-08.54.26-2.jpeg\",\"width\":1500,\"height\":2000},{\"@type\":\"BreadcrumbList\",\"@id\":\"https:\/\/voyagesenphotos.fr\/index.php\/slovenie\/#breadcrumb\",\"itemListElement\":[{\"@type\":\"ListItem\",\"position\":1,\"name\":\"Accueil\",\"item\":\"https:\/\/voyagesenphotos.fr\/\"},{\"@type\":\"ListItem\",\"position\":2,\"name\":\"Slov\u00e9nie\"}]},{\"@type\":\"WebSite\",\"@id\":\"https:\/\/voyagesenphotos.fr\/#website\",\"url\":\"https:\/\/voyagesenphotos.fr\/\",\"name\":\"Voyages en photos\",\"description\":\"\",\"potentialAction\":[{\"@type\":\"SearchAction\",\"target\":{\"@type\":\"EntryPoint\",\"urlTemplate\":\"https:\/\/voyagesenphotos.fr\/?s={search_term_string}\"},\"query-input\":{\"@type\":\"PropertyValueSpecification\",\"valueRequired\":true,\"valueName\":\"search_term_string\"}}],\"inLanguage\":\"fr-FR\"}]}<\/script>\n<!-- \/ Yoast SEO plugin. -->","yoast_head_json":{"title":"Slov\u00e9nie - Voyages en photos","robots":{"index":"index","follow":"follow","max-snippet":"max-snippet:-1","max-image-preview":"max-image-preview:large","max-video-preview":"max-video-preview:-1"},"canonical":"https:\/\/voyagesenphotos.fr\/index.php\/slovenie\/","og_locale":"fr_FR","og_type":"article","og_title":"Slov\u00e9nie - Voyages en photos","og_description":"La Slov\u00e9nie est un petit pays d\u2019Europe centrale r\u00e9put\u00e9 pour la beaut\u00e9 exceptionnelle de ses paysages. Entre les sommets des Alpes juliennes, les lacs aux eaux turquoise comme le c\u00e9l\u00e8bre&hellip;","og_url":"https:\/\/voyagesenphotos.fr\/index.php\/slovenie\/","og_site_name":"Voyages en photos","article_modified_time":"2026-02-21T20:19:45+00:00","og_image":[{"width":1500,"height":2000,"url":"https:\/\/voyagesenphotos.fr\/wp-content\/uploads\/2022\/12\/WhatsApp-Image-2022-12-03-at-08.54.26-2.jpeg","type":"image\/jpeg"}],"twitter_card":"summary_large_image","twitter_misc":{"Dur\u00e9e de lecture estim\u00e9e":"1 minute"},"schema":{"@context":"https:\/\/schema.org","@graph":[{"@type":"WebPage","@id":"https:\/\/voyagesenphotos.fr\/index.php\/slovenie\/","url":"https:\/\/voyagesenphotos.fr\/index.php\/slovenie\/","name":"Slov\u00e9nie - Voyages en photos","isPartOf":{"@id":"https:\/\/voyagesenphotos.fr\/#website"},"primaryImageOfPage":{"@id":"https:\/\/voyagesenphotos.fr\/index.php\/slovenie\/#primaryimage"},"image":{"@id":"https:\/\/voyagesenphotos.fr\/index.php\/slovenie\/#primaryimage"},"thumbnailUrl":"http:\/\/voyagesenphotos.fr\/wp-content\/uploads\/2022\/12\/WhatsApp-Image-2022-12-03-at-08.54.26-2-225x300.jpeg","datePublished":"2026-02-18T13:10:38+00:00","dateModified":"2026-02-21T20:19:45+00:00","breadcrumb":{"@id":"https:\/\/voyagesenphotos.fr\/index.php\/slovenie\/#breadcrumb"},"inLanguage":"fr-FR","potentialAction":[{"@type":"ReadAction","target":["https:\/\/voyagesenphotos.fr\/index.php\/slovenie\/"]}]},{"@type":"ImageObject","inLanguage":"fr-FR","@id":"https:\/\/voyagesenphotos.fr\/index.php\/slovenie\/#primaryimage","url":"https:\/\/voyagesenphotos.fr\/wp-content\/uploads\/2022\/12\/WhatsApp-Image-2022-12-03-at-08.54.26-2.jpeg","contentUrl":"https:\/\/voyagesenphotos.fr\/wp-content\/uploads\/2022\/12\/WhatsApp-Image-2022-12-03-at-08.54.26-2.jpeg","width":1500,"height":2000},{"@type":"BreadcrumbList","@id":"https:\/\/voyagesenphotos.fr\/index.php\/slovenie\/#breadcrumb","itemListElement":[{"@type":"ListItem","position":1,"name":"Accueil","item":"https:\/\/voyagesenphotos.fr\/"},{"@type":"ListItem","position":2,"name":"Slov\u00e9nie"}]},{"@type":"WebSite","@id":"https:\/\/voyagesenphotos.fr\/#website","url":"https:\/\/voyagesenphotos.fr\/","name":"Voyages en photos","description":"","potentialAction":[{"@type":"SearchAction","target":{"@type":"EntryPoint","urlTemplate":"https:\/\/voyagesenphotos.fr\/?s={search_term_string}"},"query-input":{"@type":"PropertyValueSpecification","valueRequired":true,"valueName":"search_term_string"}}],"inLanguage":"fr-FR"}]}},"_links":{"self":[{"href":"https:\/\/voyagesenphotos.fr\/index.php\/wp-json\/wp\/v2\/pages\/387","targetHints":{"allow":["GET"]}}],"collection":[{"href":"https:\/\/voyagesenphotos.fr\/index.php\/wp-json\/wp\/v2\/pages"}],"about":[{"href":"https:\/\/voyagesenphotos.fr\/index.php\/wp-json\/wp\/v2\/types\/page"}],"author":[{"embeddable":true,"href":"https:\/\/voyagesenphotos.fr\/index.php\/wp-json\/wp\/v2\/users\/1"}],"replies":[{"embeddable":true,"href":"https:\/\/voyagesenphotos.fr\/index.php\/wp-json\/wp\/v2\/comments?post=387"}],"version-history":[{"count":10,"href":"https:\/\/voyagesenphotos.fr\/index.php\/wp-json\/wp\/v2\/pages\/387\/revisions"}],"predecessor-version":[{"id":449,"href":"https:\/\/voyagesenphotos.fr\/index.php\/wp-json\/wp\/v2\/pages\/387\/revisions\/449"}],"wp:attachment":[{"href":"https:\/\/voyagesenphotos.fr\/index.php\/wp-json\/wp\/v2\/media?parent=387"}],"curies":[{"name":"wp","href":"https:\/\/api.w.org\/{rel}","templated":true}]}}