{"id":114,"date":"2022-11-27T19:25:16","date_gmt":"2022-11-27T18:25:16","guid":{"rendered":"http:\/\/voyagesenphotos.fr\/?page_id=114"},"modified":"2026-02-22T06:31:46","modified_gmt":"2026-02-22T05:31:46","slug":"pologne","status":"publish","type":"page","link":"https:\/\/voyagesenphotos.fr\/index.php\/pologne\/","title":{"rendered":"Pologne"},"content":{"rendered":"\t\t<div data-elementor-type=\"wp-page\" data-elementor-id=\"114\" class=\"elementor elementor-114\">\n\t\t\t\t<div class=\"elementor-element elementor-element-aebcf7a e-flex e-con-boxed e-con e-parent\" data-id=\"aebcf7a\" data-element_type=\"container\" data-e-type=\"container\">\n\t\t\t\t\t<div class=\"e-con-inner\">\n\t\t\t\t<div class=\"elementor-element elementor-element-33279fa elementor-widget elementor-widget-heading\" data-id=\"33279fa\" data-element_type=\"widget\" data-e-type=\"widget\" data-widget_type=\"heading.default\">\n\t\t\t\t\t<h2 class=\"elementor-heading-title elementor-size-default\">Photos de Pologne<\/h2>\t\t\t\t<\/div>\n\t\t\t\t<div class=\"elementor-element elementor-element-783f442 elementor-widget elementor-widget-spacer\" data-id=\"783f442\" data-element_type=\"widget\" data-e-type=\"widget\" data-widget_type=\"spacer.default\">\n\t\t\t\t\t\t\t<div class=\"elementor-spacer\">\n\t\t\t<div class=\"elementor-spacer-inner\"><\/div>\n\t\t<\/div>\n\t\t\t\t\t\t<\/div>\n\t\t\t\t\t<\/div>\n\t\t\t\t<\/div>\n\t\t<div class=\"elementor-element elementor-element-f46001b e-flex e-con-boxed e-con e-parent\" data-id=\"f46001b\" data-element_type=\"container\" data-e-type=\"container\">\n\t\t\t\t\t<div class=\"e-con-inner\">\n\t\t\t\t<div class=\"elementor-element elementor-element-3ea2a8e elementor-widget elementor-widget-text-editor\" data-id=\"3ea2a8e\" data-element_type=\"widget\" data-e-type=\"widget\" data-widget_type=\"text-editor.default\">\n\t\t\t\t\t\t\t\t\t\n<figure class=\"wp-block-pullquote\">\n<blockquote>\n<h2>Voyagez avec nous \u00e0 travers la Pologne<\/h2>\n<\/blockquote>\n<\/figure>\n\t\t\t\t\t\t\t\t<\/div>\n\t\t\t\t\t<\/div>\n\t\t\t\t<\/div>\n\t\t<div class=\"elementor-element elementor-element-4e98fa7 e-flex e-con-boxed e-con e-parent\" data-id=\"4e98fa7\" data-element_type=\"container\" data-e-type=\"container\">\n\t\t\t\t\t<div class=\"e-con-inner\">\n\t\t\t\t<div class=\"elementor-element elementor-element-caa6e0c elementor-widget elementor-widget-text-editor\" data-id=\"caa6e0c\" data-element_type=\"widget\" data-e-type=\"widget\" data-widget_type=\"text-editor.default\">\n\t\t\t\t\t\t\t\t\t<p data-start=\"0\" data-end=\"294\"><strong><span class=\"hover:entity-accent entity-underline inline cursor-pointer align-baseline\"><span class=\"whitespace-normal\">Bydgoszcz<\/span><\/span><\/strong> est une ville du nord de la <strong>Pologne<\/strong>, situ\u00e9e dans la vo\u00efvodie de Cou\u00efavie-Pom\u00e9ranie. Travers\u00e9e par la rivi\u00e8re Brda et proche de la Vistule, elle est connue pour ses canaux pittoresques et son architecture m\u00ealant styles gothique, n\u00e9oclassique et Art nouveau.<\/p>\n<p data-start=\"296\" data-end=\"678\" data-is-last-node=\"\" data-is-only-node=\"\">Ville universitaire et centre culturel important, Bydgoszcz abrite notamment l\u2019Op\u00e9ra Nova ainsi que de nombreux mus\u00e9es et galeries. Elle poss\u00e8de aussi une forte tradition musicale et accueille r\u00e9guli\u00e8rement des festivals et concerts. Son \u00eele des Moulins (Wyspa M\u0142y\u0144ska), en plein c\u0153ur de la ville, est un lieu embl\u00e9matique appr\u00e9ci\u00e9 pour ses espaces verts et son atmosph\u00e8re paisible.<\/p>\t\t\t\t\t\t\t\t<\/div>\n\t\t\t\t\t<\/div>\n\t\t\t\t<\/div>\n\t\t<div class=\"elementor-element elementor-element-208ae93 e-flex e-con-boxed e-con e-parent\" data-id=\"208ae93\" data-element_type=\"container\" data-e-type=\"container\">\n\t\t\t\t\t<div class=\"e-con-inner\">\n\t\t\t\t<div class=\"elementor-element elementor-element-f9830d5 elementor-widget elementor-widget-text-editor\" data-id=\"f9830d5\" data-element_type=\"widget\" data-e-type=\"widget\" data-widget_type=\"text-editor.default\">\n\t\t\t\t\t\t\t\t\t<h4><strong>Visite de la ville de Bydgoszcz<\/strong><\/h4>\t\t\t\t\t\t\t\t<\/div>\n\t\t\t\t<div class=\"elementor-element elementor-element-2df18458 elementor-widget elementor-widget-text-editor\" data-id=\"2df18458\" data-element_type=\"widget\" data-e-type=\"widget\" data-widget_type=\"text-editor.default\">\n\t\t\t\t\t\t\t\t\t\n<div class=\"wp-block-columns is-layout-flex wp-container-core-columns-is-layout-9d6595d7 wp-block-columns-is-layout-flex\">\n<div class=\"wp-block-column is-layout-flow wp-block-column-is-layout-flow\">\n<figure class=\"wp-block-image size-large is-style-default\"><a href=\"http:\/\/voyagesenphotos.fr\/index.php\/bydgoszcz\/img_0147\/\"><img fetchpriority=\"high\" decoding=\"async\" width=\"768\" height=\"1024\" class=\"wp-image-77\" src=\"http:\/\/voyagesenphotos.fr\/wp-content\/uploads\/2022\/11\/IMG_0147-768x1024.jpg\" alt=\"\" srcset=\"https:\/\/voyagesenphotos.fr\/wp-content\/uploads\/2022\/11\/IMG_0147-768x1024.jpg 768w, https:\/\/voyagesenphotos.fr\/wp-content\/uploads\/2022\/11\/IMG_0147-225x300.jpg 225w, https:\/\/voyagesenphotos.fr\/wp-content\/uploads\/2022\/11\/IMG_0147-1152x1536.jpg 1152w, https:\/\/voyagesenphotos.fr\/wp-content\/uploads\/2022\/11\/IMG_0147-1536x2048.jpg 1536w, https:\/\/voyagesenphotos.fr\/wp-content\/uploads\/2022\/11\/IMG_0147-45x60.jpg 45w, https:\/\/voyagesenphotos.fr\/wp-content\/uploads\/2022\/11\/IMG_0147-scaled.jpg 1920w\" sizes=\"(max-width: 768px) 100vw, 768px\" \/><\/a>\n<figcaption class=\"wp-element-caption\">Bydgoszcz<\/figcaption>\n<\/figure>\n<\/div>\n\n<div class=\"wp-block-column is-layout-flow wp-block-column-is-layout-flow\">\n<figure class=\"wp-block-image size-large\"><img decoding=\"async\" width=\"768\" height=\"1024\" class=\"wp-image-99\" src=\"http:\/\/voyagesenphotos.fr\/wp-content\/uploads\/2022\/11\/IMG_0328-768x1024.jpg\" alt=\"\" srcset=\"https:\/\/voyagesenphotos.fr\/wp-content\/uploads\/2022\/11\/IMG_0328-768x1024.jpg 768w, https:\/\/voyagesenphotos.fr\/wp-content\/uploads\/2022\/11\/IMG_0328-225x300.jpg 225w, https:\/\/voyagesenphotos.fr\/wp-content\/uploads\/2022\/11\/IMG_0328-1152x1536.jpg 1152w, https:\/\/voyagesenphotos.fr\/wp-content\/uploads\/2022\/11\/IMG_0328-1536x2048.jpg 1536w, https:\/\/voyagesenphotos.fr\/wp-content\/uploads\/2022\/11\/IMG_0328-45x60.jpg 45w, https:\/\/voyagesenphotos.fr\/wp-content\/uploads\/2022\/11\/IMG_0328-scaled.jpg 1920w\" sizes=\"(max-width: 768px) 100vw, 768px\" \/>\n<figcaption class=\"wp-element-caption\">Bydgoszcz<\/figcaption>\n<\/figure>\n<\/div>\n\n<div class=\"wp-block-column is-layout-flow wp-block-column-is-layout-flow\">\n<figure class=\"wp-block-image size-large\"><a href=\"http:\/\/voyagesenphotos.fr\/index.php\/bydgoszcz\/img_0125\/\"><img decoding=\"async\" width=\"768\" height=\"1024\" class=\"wp-image-68\" src=\"http:\/\/voyagesenphotos.fr\/wp-content\/uploads\/2022\/11\/IMG_0125-768x1024.jpg\" alt=\"\" srcset=\"https:\/\/voyagesenphotos.fr\/wp-content\/uploads\/2022\/11\/IMG_0125-768x1024.jpg 768w, https:\/\/voyagesenphotos.fr\/wp-content\/uploads\/2022\/11\/IMG_0125-225x300.jpg 225w, https:\/\/voyagesenphotos.fr\/wp-content\/uploads\/2022\/11\/IMG_0125-1152x1536.jpg 1152w, https:\/\/voyagesenphotos.fr\/wp-content\/uploads\/2022\/11\/IMG_0125-1536x2048.jpg 1536w, https:\/\/voyagesenphotos.fr\/wp-content\/uploads\/2022\/11\/IMG_0125-45x60.jpg 45w, https:\/\/voyagesenphotos.fr\/wp-content\/uploads\/2022\/11\/IMG_0125-scaled.jpg 1920w\" sizes=\"(max-width: 768px) 100vw, 768px\" \/><\/a>\n<figcaption class=\"wp-element-caption\">Bydgoszcz<\/figcaption>\n<\/figure>\n<\/div>\n<\/div>\n\n<figure class=\"wp-block-gallery has-nested-images columns-default is-cropped wp-block-gallery-2 is-layout-flex wp-block-gallery-is-layout-flex\">\n<figure class=\"wp-block-image size-large\"><img loading=\"lazy\" decoding=\"async\" width=\"768\" height=\"1024\" data-id=\"274\" class=\"wp-image-274\" src=\"https:\/\/voyagesenphotos.fr\/wp-content\/uploads\/2025\/10\/WhatsApp-Image-2025-10-19-at-10.29.29-768x1024.jpeg\" alt=\"\" srcset=\"https:\/\/voyagesenphotos.fr\/wp-content\/uploads\/2025\/10\/WhatsApp-Image-2025-10-19-at-10.29.29-768x1024.jpeg 768w, https:\/\/voyagesenphotos.fr\/wp-content\/uploads\/2025\/10\/WhatsApp-Image-2025-10-19-at-10.29.29-225x300.jpeg 225w, https:\/\/voyagesenphotos.fr\/wp-content\/uploads\/2025\/10\/WhatsApp-Image-2025-10-19-at-10.29.29-1152x1536.jpeg 1152w, https:\/\/voyagesenphotos.fr\/wp-content\/uploads\/2025\/10\/WhatsApp-Image-2025-10-19-at-10.29.29.jpeg 1200w\" sizes=\"(max-width: 768px) 100vw, 768px\" \/><\/figure>\n\n<figure class=\"wp-block-image size-large\"><img loading=\"lazy\" decoding=\"async\" width=\"768\" height=\"1024\" data-id=\"275\" class=\"wp-image-275\" src=\"https:\/\/voyagesenphotos.fr\/wp-content\/uploads\/2025\/10\/WhatsApp-Image-2025-10-19-at-10.29.34-768x1024.jpeg\" alt=\"\" srcset=\"https:\/\/voyagesenphotos.fr\/wp-content\/uploads\/2025\/10\/WhatsApp-Image-2025-10-19-at-10.29.34-768x1024.jpeg 768w, https:\/\/voyagesenphotos.fr\/wp-content\/uploads\/2025\/10\/WhatsApp-Image-2025-10-19-at-10.29.34-225x300.jpeg 225w, https:\/\/voyagesenphotos.fr\/wp-content\/uploads\/2025\/10\/WhatsApp-Image-2025-10-19-at-10.29.34-1152x1536.jpeg 1152w, https:\/\/voyagesenphotos.fr\/wp-content\/uploads\/2025\/10\/WhatsApp-Image-2025-10-19-at-10.29.34.jpeg 1500w\" sizes=\"(max-width: 768px) 100vw, 768px\" \/><\/figure>\n\n<figure class=\"wp-block-image size-large\"><img loading=\"lazy\" decoding=\"async\" width=\"768\" height=\"1024\" data-id=\"276\" class=\"wp-image-276\" src=\"https:\/\/voyagesenphotos.fr\/wp-content\/uploads\/2025\/10\/WhatsApp-Image-2025-10-19-at-10.35.09-768x1024.jpeg\" alt=\"\" srcset=\"https:\/\/voyagesenphotos.fr\/wp-content\/uploads\/2025\/10\/WhatsApp-Image-2025-10-19-at-10.35.09-768x1024.jpeg 768w, https:\/\/voyagesenphotos.fr\/wp-content\/uploads\/2025\/10\/WhatsApp-Image-2025-10-19-at-10.35.09-225x300.jpeg 225w, https:\/\/voyagesenphotos.fr\/wp-content\/uploads\/2025\/10\/WhatsApp-Image-2025-10-19-at-10.35.09-1152x1536.jpeg 1152w, https:\/\/voyagesenphotos.fr\/wp-content\/uploads\/2025\/10\/WhatsApp-Image-2025-10-19-at-10.35.09.jpeg 1500w\" sizes=\"(max-width: 768px) 100vw, 768px\" \/><\/figure>\n\n<figure class=\"wp-block-image size-large\"><img loading=\"lazy\" decoding=\"async\" width=\"768\" height=\"1024\" data-id=\"273\" class=\"wp-image-273\" src=\"https:\/\/voyagesenphotos.fr\/wp-content\/uploads\/2025\/10\/WhatsApp-Image-2025-10-19-at-10.54.52-768x1024.jpeg\" alt=\"\" srcset=\"https:\/\/voyagesenphotos.fr\/wp-content\/uploads\/2025\/10\/WhatsApp-Image-2025-10-19-at-10.54.52-768x1024.jpeg 768w, https:\/\/voyagesenphotos.fr\/wp-content\/uploads\/2025\/10\/WhatsApp-Image-2025-10-19-at-10.54.52-225x300.jpeg 225w, https:\/\/voyagesenphotos.fr\/wp-content\/uploads\/2025\/10\/WhatsApp-Image-2025-10-19-at-10.54.52-1152x1536.jpeg 1152w, https:\/\/voyagesenphotos.fr\/wp-content\/uploads\/2025\/10\/WhatsApp-Image-2025-10-19-at-10.54.52.jpeg 1500w\" sizes=\"(max-width: 768px) 100vw, 768px\" \/><\/figure>\n\n<figure class=\"wp-block-image size-large\"><img loading=\"lazy\" decoding=\"async\" width=\"768\" height=\"1024\" data-id=\"277\" class=\"wp-image-277\" src=\"https:\/\/voyagesenphotos.fr\/wp-content\/uploads\/2025\/10\/WhatsApp-Image-2025-10-19-at-11.18.02-768x1024.jpeg\" alt=\"\" srcset=\"https:\/\/voyagesenphotos.fr\/wp-content\/uploads\/2025\/10\/WhatsApp-Image-2025-10-19-at-11.18.02-768x1024.jpeg 768w, https:\/\/voyagesenphotos.fr\/wp-content\/uploads\/2025\/10\/WhatsApp-Image-2025-10-19-at-11.18.02-225x300.jpeg 225w, https:\/\/voyagesenphotos.fr\/wp-content\/uploads\/2025\/10\/WhatsApp-Image-2025-10-19-at-11.18.02-1152x1536.jpeg 1152w, https:\/\/voyagesenphotos.fr\/wp-content\/uploads\/2025\/10\/WhatsApp-Image-2025-10-19-at-11.18.02.jpeg 1500w\" sizes=\"(max-width: 768px) 100vw, 768px\" \/><\/figure>\n<\/figure>\n\t\t\t\t\t\t\t\t<\/div>\n\t\t\t\t\t<\/div>\n\t\t\t\t<\/div>\n\t\t\t\t<\/div>\n\t\t","protected":false},"excerpt":{"rendered":"<p>Photos de Pologne Voyagez avec nous \u00e0 travers la Pologne Bydgoszcz est une ville du nord de la Pologne, situ\u00e9e dans la vo\u00efvodie de Cou\u00efavie-Pom\u00e9ranie. Travers\u00e9e par la rivi\u00e8re Brda&hellip;<\/p>\n","protected":false},"author":1,"featured_media":0,"parent":0,"menu_order":0,"comment_status":"closed","ping_status":"closed","template":"","meta":{"footnotes":""},"class_list":["post-114","page","type-page","status-publish","hentry"],"yoast_head":"<!-- This site is optimized with the Yoast SEO plugin v27.0 - https:\/\/yoast.com\/product\/yoast-seo-wordpress\/ -->\n<title>Pologne - Voyages en photos<\/title>\n<meta name=\"robots\" content=\"index, follow, max-snippet:-1, max-image-preview:large, max-video-preview:-1\" \/>\n<link rel=\"canonical\" href=\"https:\/\/voyagesenphotos.fr\/index.php\/pologne\/\" \/>\n<meta property=\"og:locale\" content=\"fr_FR\" \/>\n<meta property=\"og:type\" content=\"article\" \/>\n<meta property=\"og:title\" content=\"Pologne - Voyages en photos\" \/>\n<meta property=\"og:description\" content=\"Photos de Pologne Voyagez avec nous \u00e0 travers la Pologne Bydgoszcz est une ville du nord de la Pologne, situ\u00e9e dans la vo\u00efvodie de Cou\u00efavie-Pom\u00e9ranie. Travers\u00e9e par la rivi\u00e8re Brda&hellip;\" \/>\n<meta property=\"og:url\" content=\"https:\/\/voyagesenphotos.fr\/index.php\/pologne\/\" \/>\n<meta property=\"og:site_name\" content=\"Voyages en photos\" \/>\n<meta property=\"article:modified_time\" content=\"2026-02-22T05:31:46+00:00\" \/>\n<meta property=\"og:image\" content=\"http:\/\/voyagesenphotos.fr\/wp-content\/uploads\/2022\/11\/IMG_0147-768x1024.jpg\" \/>\n<meta name=\"twitter:card\" content=\"summary_large_image\" \/>\n<meta name=\"twitter:label1\" content=\"Dur\u00e9e de lecture estim\u00e9e\" \/>\n\t<meta name=\"twitter:data1\" content=\"3 minutes\" \/>\n<script type=\"application\/ld+json\" class=\"yoast-schema-graph\">{\"@context\":\"https:\/\/schema.org\",\"@graph\":[{\"@type\":\"WebPage\",\"@id\":\"https:\/\/voyagesenphotos.fr\/index.php\/pologne\/\",\"url\":\"https:\/\/voyagesenphotos.fr\/index.php\/pologne\/\",\"name\":\"Pologne - Voyages en photos\",\"isPartOf\":{\"@id\":\"https:\/\/voyagesenphotos.fr\/#website\"},\"primaryImageOfPage\":{\"@id\":\"https:\/\/voyagesenphotos.fr\/index.php\/pologne\/#primaryimage\"},\"image\":{\"@id\":\"https:\/\/voyagesenphotos.fr\/index.php\/pologne\/#primaryimage\"},\"thumbnailUrl\":\"http:\/\/voyagesenphotos.fr\/wp-content\/uploads\/2022\/11\/IMG_0147-768x1024.jpg\",\"datePublished\":\"2022-11-27T18:25:16+00:00\",\"dateModified\":\"2026-02-22T05:31:46+00:00\",\"breadcrumb\":{\"@id\":\"https:\/\/voyagesenphotos.fr\/index.php\/pologne\/#breadcrumb\"},\"inLanguage\":\"fr-FR\",\"potentialAction\":[{\"@type\":\"ReadAction\",\"target\":[\"https:\/\/voyagesenphotos.fr\/index.php\/pologne\/\"]}]},{\"@type\":\"ImageObject\",\"inLanguage\":\"fr-FR\",\"@id\":\"https:\/\/voyagesenphotos.fr\/index.php\/pologne\/#primaryimage\",\"url\":\"http:\/\/voyagesenphotos.fr\/wp-content\/uploads\/2022\/11\/IMG_0147-768x1024.jpg\",\"contentUrl\":\"http:\/\/voyagesenphotos.fr\/wp-content\/uploads\/2022\/11\/IMG_0147-768x1024.jpg\"},{\"@type\":\"BreadcrumbList\",\"@id\":\"https:\/\/voyagesenphotos.fr\/index.php\/pologne\/#breadcrumb\",\"itemListElement\":[{\"@type\":\"ListItem\",\"position\":1,\"name\":\"Accueil\",\"item\":\"https:\/\/voyagesenphotos.fr\/\"},{\"@type\":\"ListItem\",\"position\":2,\"name\":\"Pologne\"}]},{\"@type\":\"WebSite\",\"@id\":\"https:\/\/voyagesenphotos.fr\/#website\",\"url\":\"https:\/\/voyagesenphotos.fr\/\",\"name\":\"Voyages en photos\",\"description\":\"\",\"potentialAction\":[{\"@type\":\"SearchAction\",\"target\":{\"@type\":\"EntryPoint\",\"urlTemplate\":\"https:\/\/voyagesenphotos.fr\/?s={search_term_string}\"},\"query-input\":{\"@type\":\"PropertyValueSpecification\",\"valueRequired\":true,\"valueName\":\"search_term_string\"}}],\"inLanguage\":\"fr-FR\"}]}<\/script>\n<!-- \/ Yoast SEO plugin. -->","yoast_head_json":{"title":"Pologne - Voyages en photos","robots":{"index":"index","follow":"follow","max-snippet":"max-snippet:-1","max-image-preview":"max-image-preview:large","max-video-preview":"max-video-preview:-1"},"canonical":"https:\/\/voyagesenphotos.fr\/index.php\/pologne\/","og_locale":"fr_FR","og_type":"article","og_title":"Pologne - Voyages en photos","og_description":"Photos de Pologne Voyagez avec nous \u00e0 travers la Pologne Bydgoszcz est une ville du nord de la Pologne, situ\u00e9e dans la vo\u00efvodie de Cou\u00efavie-Pom\u00e9ranie. Travers\u00e9e par la rivi\u00e8re Brda&hellip;","og_url":"https:\/\/voyagesenphotos.fr\/index.php\/pologne\/","og_site_name":"Voyages en photos","article_modified_time":"2026-02-22T05:31:46+00:00","og_image":[{"url":"http:\/\/voyagesenphotos.fr\/wp-content\/uploads\/2022\/11\/IMG_0147-768x1024.jpg","type":"","width":"","height":""}],"twitter_card":"summary_large_image","twitter_misc":{"Dur\u00e9e de lecture estim\u00e9e":"3 minutes"},"schema":{"@context":"https:\/\/schema.org","@graph":[{"@type":"WebPage","@id":"https:\/\/voyagesenphotos.fr\/index.php\/pologne\/","url":"https:\/\/voyagesenphotos.fr\/index.php\/pologne\/","name":"Pologne - Voyages en photos","isPartOf":{"@id":"https:\/\/voyagesenphotos.fr\/#website"},"primaryImageOfPage":{"@id":"https:\/\/voyagesenphotos.fr\/index.php\/pologne\/#primaryimage"},"image":{"@id":"https:\/\/voyagesenphotos.fr\/index.php\/pologne\/#primaryimage"},"thumbnailUrl":"http:\/\/voyagesenphotos.fr\/wp-content\/uploads\/2022\/11\/IMG_0147-768x1024.jpg","datePublished":"2022-11-27T18:25:16+00:00","dateModified":"2026-02-22T05:31:46+00:00","breadcrumb":{"@id":"https:\/\/voyagesenphotos.fr\/index.php\/pologne\/#breadcrumb"},"inLanguage":"fr-FR","potentialAction":[{"@type":"ReadAction","target":["https:\/\/voyagesenphotos.fr\/index.php\/pologne\/"]}]},{"@type":"ImageObject","inLanguage":"fr-FR","@id":"https:\/\/voyagesenphotos.fr\/index.php\/pologne\/#primaryimage","url":"http:\/\/voyagesenphotos.fr\/wp-content\/uploads\/2022\/11\/IMG_0147-768x1024.jpg","contentUrl":"http:\/\/voyagesenphotos.fr\/wp-content\/uploads\/2022\/11\/IMG_0147-768x1024.jpg"},{"@type":"BreadcrumbList","@id":"https:\/\/voyagesenphotos.fr\/index.php\/pologne\/#breadcrumb","itemListElement":[{"@type":"ListItem","position":1,"name":"Accueil","item":"https:\/\/voyagesenphotos.fr\/"},{"@type":"ListItem","position":2,"name":"Pologne"}]},{"@type":"WebSite","@id":"https:\/\/voyagesenphotos.fr\/#website","url":"https:\/\/voyagesenphotos.fr\/","name":"Voyages en photos","description":"","potentialAction":[{"@type":"SearchAction","target":{"@type":"EntryPoint","urlTemplate":"https:\/\/voyagesenphotos.fr\/?s={search_term_string}"},"query-input":{"@type":"PropertyValueSpecification","valueRequired":true,"valueName":"search_term_string"}}],"inLanguage":"fr-FR"}]}},"_links":{"self":[{"href":"https:\/\/voyagesenphotos.fr\/index.php\/wp-json\/wp\/v2\/pages\/114","targetHints":{"allow":["GET"]}}],"collection":[{"href":"https:\/\/voyagesenphotos.fr\/index.php\/wp-json\/wp\/v2\/pages"}],"about":[{"href":"https:\/\/voyagesenphotos.fr\/index.php\/wp-json\/wp\/v2\/types\/page"}],"author":[{"embeddable":true,"href":"https:\/\/voyagesenphotos.fr\/index.php\/wp-json\/wp\/v2\/users\/1"}],"replies":[{"embeddable":true,"href":"https:\/\/voyagesenphotos.fr\/index.php\/wp-json\/wp\/v2\/comments?post=114"}],"version-history":[{"count":21,"href":"https:\/\/voyagesenphotos.fr\/index.php\/wp-json\/wp\/v2\/pages\/114\/revisions"}],"predecessor-version":[{"id":450,"href":"https:\/\/voyagesenphotos.fr\/index.php\/wp-json\/wp\/v2\/pages\/114\/revisions\/450"}],"wp:attachment":[{"href":"https:\/\/voyagesenphotos.fr\/index.php\/wp-json\/wp\/v2\/media?parent=114"}],"curies":[{"name":"wp","href":"https:\/\/api.w.org\/{rel}","templated":true}]}}